{"id":47,"date":"2021-02-06T13:32:42","date_gmt":"2021-02-06T13:32:42","guid":{"rendered":"http:\/\/stavnor.com\/index.php\/contact\/"},"modified":"2026-05-14T09:24:49","modified_gmt":"2026-05-14T09:24:49","slug":"contact","status":"publish","type":"page","link":"https:\/\/stavnor.com\/index.php\/contact\/","title":{"rendered":"\u0130leti\u015fim"},"content":{"rendered":"<!--themify_builder_content-->\n<div id=\"themify_builder_content-47\" data-postid=\"47\" class=\"themify_builder_content themify_builder_content-47 themify_builder tf_clear\">\n                    <div  data-lazy=\"1\" class=\"module_row themify_builder_row tb_80x4806 tb_first tf_w\">\n                        <div class=\"row_inner col_align_top tb_col_count_1 tf_box tf_rel\">\n                        <div  data-lazy=\"1\" class=\"module_column tb-column col-full tb_mry7807 first\">\n                    <!-- module text -->\n<div  class=\"module module-text tb_bblf807   \" data-lazy=\"1\">\n        <div  class=\"tb_text_wrap\">\n        <h1>\u0130leti\u015fim<\/h1>\n<p><a href=\"mailto:info@stavnor.com\">info@stavnor.com<\/a> &#8216;a bir mail atarak ileti\u015fimi ba\u015flat\u0131n.<\/p>    <\/div>\n<\/div>\n<!-- \/module text -->        <\/div>\n                        <\/div>\n        <\/div>\n                        <div  data-lazy=\"1\" class=\"module_row themify_builder_row tb_d5nn798 tf_w\">\n                        <div class=\"row_inner col_align_top tb_col_count_1 tf_box tf_rel\">\n                        <div  data-lazy=\"1\" class=\"module_column tb-column col-full tb_s42r799 first\">\n                    <!-- module image -->\n<div  class=\"module module-image tb_gqdb424 image-center rounded  auto_fullwidth tf_mw\" data-lazy=\"1\" data-lax-translate-y=\"(vh*1) 0,(vh*0) -70\" data-lax=\"true\">\n        <div class=\"image-wrap tf_rel tf_mw\">\n            <img loading=\"lazy\" decoding=\"async\" src=\"http:\/\/stavnor.com\/wp-content\/uploads\/2026\/05\/pexels-silverkblack-36712857-scaled.jpg\" width=\"1160\" height=\"1440\" title=\"\u0130leti\u015fim\" alt=\"\u0130leti\u015fim\">    \n        <\/div>\n    <!-- \/image-wrap -->\n    \n        <\/div>\n<!-- \/module image -->        <\/div>\n                        <\/div>\n        <\/div>\n                        <div  data-lazy=\"1\" class=\"module_row themify_builder_row tb_1mt8399 tf_w\">\n                        <div class=\"row_inner col_align_top tb_col_count_1 tf_box tf_rel\">\n                        <div  data-lazy=\"1\" class=\"module_column tb-column col-full tb_45jh400 first\">\n                            <div  data-lazy=\"1\" class=\"module_subrow themify_builder_sub_row tf_w col_align_top tb_col_count_3 tb_j9uz401\">\n                <div  data-lazy=\"1\" class=\"module_column sub_column col3-1 tb_jnu9402 first\">\n                    <!-- module icon -->\n<div  class=\"module module-icon tb_ew01440   squared icon_horizontal \" data-lazy=\"1\">\n\t\t\t<div class=\"module-icon-item\">\n\t\t\t\t\t\t\t\t\t\t\t\t\t\t\t\t<em class=\"tf_box\"\n\t\t\t\t\t\t\t\t\t\t\t\t\t\t\t\t\t><svg  class=\"tf_fa tf-ti-mobile\" xmlns:xlink=\"http:\/\/www.w3.org\/1999\/xlink\" aria-hidden=\"true\"><use href=\"#tf-ti-mobile\" xlink:href=\"#tf-ti-mobile\"><\/use><\/svg><\/em>\n\t\t\t\t\t\t\t\t\t\t\t\t\t\t<\/div>\n\t<\/div>\n<!-- \/module icon -->\n<!-- module text -->\n<div  class=\"module module-text tb_59pr978   \" data-lazy=\"1\">\n        <div  class=\"tb_text_wrap\">\n        <h3>Bizi Aray\u0131n<\/h3>\n<p>+90 (212) 123 45 67<\/p>    <\/div>\n<\/div>\n<!-- \/module text -->        <\/div>\n                    <div  data-lazy=\"1\" class=\"module_column sub_column col3-1 tb_9sm3561\">\n                    <!-- module icon -->\n<div  class=\"module module-icon tb_ci01909   squared icon_horizontal \" data-lazy=\"1\">\n\t\t\t<div class=\"module-icon-item\">\n\t\t\t\t\t\t\t\t\t\t\t\t\t\t\t\t<em class=\"tf_boxblack\"\n\t\t\t\t\t\t\t\t\t\t\t\t\t\t\t\t\t><svg  class=\"tf_fa tf-ti-location-pin\" xmlns:xlink=\"http:\/\/www.w3.org\/1999\/xlink\" aria-hidden=\"true\"><use href=\"#tf-ti-location-pin\" xlink:href=\"#tf-ti-location-pin\"><\/use><\/svg><\/em>\n\t\t\t\t\t\t\t\t\t\t\t\t\t\t<\/div>\n\t<\/div>\n<!-- \/module icon -->\n<!-- module text -->\n<div  class=\"module module-text tb_1v3c563   \" data-lazy=\"1\">\n        <div  class=\"tb_text_wrap\">\n        <h3>Adresimiz<\/h3>\n<p>Istanbul, T\u00fcrkiye<\/p>    <\/div>\n<\/div>\n<!-- \/module text -->        <\/div>\n                    <div  data-lazy=\"1\" class=\"module_column sub_column col3-1 tb_hjdx538 last\">\n                    <!-- module icon -->\n<div  class=\"module module-icon tb_fjht795   squared icon_horizontal \" data-lazy=\"1\">\n\t\t\t<div class=\"module-icon-item\">\n\t\t\t\t\t\t\t\t\t\t\t\t\t\t\t\t<em class=\"tf_boxblack\"\n\t\t\t\t\t\t\t\t\t\t\t\t\t\t\t\t\t><svg  class=\"tf_fa tf-ti-email\" xmlns:xlink=\"http:\/\/www.w3.org\/1999\/xlink\" aria-hidden=\"true\"><use href=\"#tf-ti-email\" xlink:href=\"#tf-ti-email\"><\/use><\/svg><\/em>\n\t\t\t\t\t\t\t\t\t\t\t\t\t\t<\/div>\n\t<\/div>\n<!-- \/module icon -->\n<!-- module text -->\n<div  class=\"module module-text tb_5pa5539   \" data-lazy=\"1\">\n        <div  class=\"tb_text_wrap\">\n        <h3>Sorunuz var m\u0131?<\/h3>\n<p><a href=\"mailto:info@stavnor.com\">info@stavnor.com<\/a> adresinden bizimle ileti\u015fime ge\u00e7ebilirsiniz.<\/p>    <\/div>\n<\/div>\n<!-- \/module text -->        <\/div>\n                    <\/div>\n                <\/div>\n                        <\/div>\n        <\/div>\n        <\/div>\n<!--\/themify_builder_content-->","protected":false},"excerpt":{"rendered":"<p>\u0130leti\u015fim info@stavnor.com &#8216;a bir mail atarak ileti\u015fimi ba\u015flat\u0131n.<\/p>\n","protected":false},"author":1,"featured_media":0,"parent":0,"menu_order":0,"comment_status":"closed","ping_status":"closed","template":"","meta":{"footnotes":""},"class_list":["post-47","page","type-page","status-publish","hentry","has-post-title","has-post-date","has-post-category","has-post-tag","has-post-comment","has-post-author",""],"builder_content":"<h1>\u0130leti\u015fim<\/h1> <p><a href=\"mailto:info@stavnor.com\">info@stavnor.com<\/a> 'a bir mail atarak ileti\u015fimi ba\u015flat\u0131n.<\/p>\n<img src=\"http:\/\/stavnor.com\/wp-content\/uploads\/2026\/05\/pexels-silverkblack-36712857-scaled.jpg\" width=\"1160\" height=\"1440\" title=\"\u0130leti\u015fim\" alt=\"\u0130leti\u015fim\">\n<em ><svg xmlns:xlink=\"http:\/\/www.w3.org\/1999\/xlink\" aria-hidden=\"true\"><use href=\"#tf-ti-mobile\" xlink:href=\"#tf-ti-mobile\"><\/use><\/svg><\/em>\n<h3>Bizi Aray\u0131n<\/h3> <p>+90 (212) 123 45 67<\/p>\n<em ><svg xmlns:xlink=\"http:\/\/www.w3.org\/1999\/xlink\" aria-hidden=\"true\"><use href=\"#tf-ti-location-pin\" xlink:href=\"#tf-ti-location-pin\"><\/use><\/svg><\/em>\n<h3>Adresimiz<\/h3> <p>Istanbul, T\u00fcrkiye<\/p>\n<em ><svg xmlns:xlink=\"http:\/\/www.w3.org\/1999\/xlink\" aria-hidden=\"true\"><use href=\"#tf-ti-email\" xlink:href=\"#tf-ti-email\"><\/use><\/svg><\/em>\n<h3>Sorunuz var m\u0131?<\/h3> <p><a href=\"mailto:info@stavnor.com\">info@stavnor.com<\/a> adresinden bizimle ileti\u015fime ge\u00e7ebilirsiniz.<\/p>\n<h2>Career Opportunities<\/h2> <p>Here at Interior Design Co., we always welcome creative and forward-thinking design professionals. Please feel free to send us a message or forward your resume to careers@ultra-interior.com<\/p>","_links":{"self":[{"href":"https:\/\/stavnor.com\/index.php\/wp-json\/wp\/v2\/pages\/47","targetHints":{"allow":["GET"]}}],"collection":[{"href":"https:\/\/stavnor.com\/index.php\/wp-json\/wp\/v2\/pages"}],"about":[{"href":"https:\/\/stavnor.com\/index.php\/wp-json\/wp\/v2\/types\/page"}],"author":[{"embeddable":true,"href":"https:\/\/stavnor.com\/index.php\/wp-json\/wp\/v2\/users\/1"}],"replies":[{"embeddable":true,"href":"https:\/\/stavnor.com\/index.php\/wp-json\/wp\/v2\/comments?post=47"}],"version-history":[{"count":32,"href":"https:\/\/stavnor.com\/index.php\/wp-json\/wp\/v2\/pages\/47\/revisions"}],"predecessor-version":[{"id":534,"href":"https:\/\/stavnor.com\/index.php\/wp-json\/wp\/v2\/pages\/47\/revisions\/534"}],"wp:attachment":[{"href":"https:\/\/stavnor.com\/index.php\/wp-json\/wp\/v2\/media?parent=47"}],"curies":[{"name":"wp","href":"https:\/\/api.w.org\/{rel}","templated":true}]}}