{"id":45,"date":"2021-02-05T03:37:37","date_gmt":"2021-02-05T03:37:37","guid":{"rendered":"http:\/\/stavnor.com\/index.php\/home\/"},"modified":"2026-05-14T10:19:37","modified_gmt":"2026-05-14T10:19:37","slug":"home","status":"publish","type":"page","link":"https:\/\/stavnor.com\/","title":{"rendered":"Ana Sayfa"},"content":{"rendered":"<!--themify_builder_content-->\n<div id=\"themify_builder_content-45\" data-postid=\"45\" class=\"themify_builder_content themify_builder_content-45 themify_builder tf_clear\">\n                    <div  data-lazy=\"1\" class=\"module_row themify_builder_row fullheight tb_4bxb997 tb_first tf_w\">\n            <span  class=\"builder_row_cover tf_abs\" data-lazy=\"1\"><\/span>            <div class=\"row_inner col_align_top tb_col_count_1 tf_box tf_rel\">\n                        <div  data-lazy=\"1\" class=\"module_column tb-column col-full tb_wkk9999 first\">\n                    <!-- module text -->\n<div  class=\"module module-text tb_u23n964   \" data-lazy=\"1\">\n        <div  class=\"tb_text_wrap\">\n        <h1>\u00dcretim Y\u00f6netim Sistemleri<\/h1>    <\/div>\n<\/div>\n<!-- \/module text --><!-- module buttons -->\n<div  class=\"module module-buttons tb_k5uv476 buttons-horizontal solid  \" data-lazy=\"1\">\n        <div class=\"module-buttons-item tf_in_flx\">\n                        <a href=\"http:\/\/stavnor.com\/index.php\/services\/\" class=\"ui builder_button tf_in_flx tb_default_color\" >\n                                                H\u0130ZMETLER\u0130M\u0130ZE G\u00d6Z ATIN                                        <em><svg  class=\"tf_fa tf-ti-arrow-right\" xmlns:xlink=\"http:\/\/www.w3.org\/1999\/xlink\" aria-hidden=\"true\"><use href=\"#tf-ti-arrow-right\" xlink:href=\"#tf-ti-arrow-right\"><\/use><\/svg><\/em>                            <\/a>\n                <\/div>\n            <\/div>\n<!-- \/module buttons -->\n        <\/div>\n                        <\/div>\n        <\/div>\n                        <div  data-css_id=\"kdd068\" data-lazy=\"1\" class=\"module_row themify_builder_row fullwidth tb_kdd068 tf_w\">\n                        <div class=\"row_inner col_align_top tb_col_count_2 tf_box tf_rel\">\n                        <div  data-lazy=\"1\" class=\"module_column tb-column col4-1 tb_8hk269 first\">\n                            <\/div>\n                    <div  data-lazy=\"1\" class=\"module_column tb-column col4-3 tb_yx9m943 last\">\n                            <div  data-lazy=\"1\" class=\"module_subrow themify_builder_sub_row tf_w col_align_top gutter-none tb_col_count_2 tb_3mut511\">\n                <div  data-lazy=\"1\" class=\"module_column sub_column tb_qosw513 first\">\n                    <!-- module image -->\n<div  class=\"module module-image tb_fchj422 image-top rounded  auto_fullwidth tf_mw\" data-lazy=\"1\" data-lax-translate-y=\"(vh*1) 0,(vh*0) -70\" data-lax=\"true\">\n        <div class=\"image-wrap tf_rel tf_mw\">\n            <img loading=\"lazy\" decoding=\"async\" src=\"http:\/\/stavnor.com\/wp-content\/uploads\/2026\/05\/pexels-gustavo-fring-4872010-scaled.jpg\" width=\"640\" height=\"390\" title=\"Ana Sayfa\" alt=\"Ana Sayfa\">    \n        <\/div>\n    <!-- \/image-wrap -->\n    \n        <\/div>\n<!-- \/module image -->        <\/div>\n                    <div  data-lazy=\"1\" class=\"module_column sub_column tb_pcwb514 last\">\n                    <!-- module text -->\n<div  class=\"module module-text tb_85vp255   \" data-lazy=\"1\">\n        <div  class=\"tb_text_wrap\">\n        <h3>\u00dcretim Verilerinizi Dijitalle\u015ftiriyoruz<\/h3>\n<p>Makine ba\u015f\u0131ndan toplanan her sinyal, her duru\u015f, her \u00e7evrim s\u00fcresi \u2014 anl\u0131k olarak i\u015fleniyor, yorumlan\u0131yor ve size anlaml\u0131 kararlar sunuyor. Saha verisi art\u0131k raporlarda kaybolmuyor, do\u011fru anda do\u011fru ki\u015fiye ula\u015f\u0131yor.<\/p>    <\/div>\n<\/div>\n<!-- \/module text -->        <\/div>\n                    <\/div>\n                <\/div>\n                        <\/div>\n        <\/div>\n                        <div  data-css_id=\"xazv954\" data-lazy=\"1\" class=\"module_row themify_builder_row fullwidth tb_xazv954 tf_w\">\n                        <div class=\"row_inner col_align_top tb_col_count_1 tf_box tf_rel\">\n                        <div  data-lazy=\"1\" class=\"module_column tb-column col-full tb_bd8w954 first\">\n                            <div  data-lazy=\"1\" class=\"module_subrow themify_builder_sub_row tf_w col_align_top gutter-none tb_col_count_3 tb_v94a954\">\n                <div  data-lazy=\"1\" class=\"module_column sub_column col3-1 tb_yf6x954 first\">\n                            <\/div>\n                    <div  data-lazy=\"1\" class=\"module_column sub_column col3-1 tb_j4ha954\">\n                    <!-- module text -->\n<div  class=\"module module-text tb_xsuc954   \" data-lazy=\"1\">\n        <div  class=\"tb_text_wrap\">\n        <h3>Fabrikalar\u0131n\u0131z\u0131n dilini konu\u015fuyoruz.<\/h3>\n<p>Makinelerinizden gelen her sinyal, her uyar\u0131, her veri bizim i\u00e7in bir anlam ta\u015f\u0131yor.<\/p>    <\/div>\n<\/div>\n<!-- \/module text -->        <\/div>\n                    <div  data-lazy=\"1\" class=\"module_column sub_column col3-1 tb_r2xe954 last\">\n                    <!-- module image -->\n<div  class=\"module module-image tb_k6f3954 image-center rounded  auto_fullwidth tf_mw\" data-lazy=\"1\" data-lax-translate-y=\"(vh*1) 0,(vh*0) -70\" data-lax=\"true\">\n        <div class=\"image-wrap tf_rel tf_mw\">\n            <img loading=\"lazy\" decoding=\"async\" src=\"http:\/\/stavnor.com\/wp-content\/uploads\/2026\/05\/pexels-alex-dominguez-26651677-7018177-scaled.jpg\" width=\"640\" height=\"390\" title=\"Ana Sayfa\" alt=\"Ana Sayfa\">    \n        <\/div>\n    <!-- \/image-wrap -->\n    \n        <\/div>\n<!-- \/module image -->        <\/div>\n                    <\/div>\n                <\/div>\n                        <\/div>\n        <\/div>\n                        <div  data-lazy=\"1\" class=\"module_row themify_builder_row tb_g830119 tf_w\">\n                        <div class=\"row_inner col_align_top tb_col_count_1 tf_box tf_rel\">\n                        <div  data-lazy=\"1\" class=\"module_column tb-column col-full tb_x3o8120 first\">\n                    <!-- module text -->\n<div  class=\"module module-text tb_gjpj576   \" data-lazy=\"1\">\n        <div  class=\"tb_text_wrap\">\n        <h2>Hizmetler<\/h2>    <\/div>\n<\/div>\n<!-- \/module text -->        <div  data-lazy=\"1\" class=\"module_subrow themify_builder_sub_row tf_w col_align_top tb_col_count_4 tb_fu2r183\">\n                <div  data-lazy=\"1\" class=\"module_column sub_column col4-1 tb_eh5m184 first\">\n                    <!-- module image -->\n<div  class=\"module module-image tb_nhu7359 image-center rounded  tf_mw\" data-lazy=\"1\">\n        <div class=\"image-wrap tf_rel tf_mw\">\n            <img loading=\"lazy\" decoding=\"async\" src=\"http:\/\/stavnor.com\/wp-content\/uploads\/2026\/05\/pexels-brett-sayles-2881233-scaled.jpg\" width=\"360\" height=\"230\" title=\" Veri Toplama ve Haberle\u015fme (Connectivity)\" alt=\" Veri Toplama ve Haberle\u015fme (Connectivity)\">    \n        <\/div>\n    <!-- \/image-wrap -->\n    \n        <div class=\"image-content\">\n                    <h3 class=\"image-title\">\n                                     Veri Toplama ve Haberle\u015fme (Connectivity)                            <\/h3>\n                    <\/div>\n    <!-- \/image-content -->\n        <\/div>\n<!-- \/module image --><!-- module icon -->\n<div  class=\"module module-icon tb_6x1i735    icon_horizontal \" data-lazy=\"1\">\n\t\t\t<div class=\"module-icon-item\">\n\t\t\t\t\t\t\t<a href=\"http:\/\/stavnor.com\/index.php\/services\/\">\n\t\t\t\t\t\t\t\t\t\t\t\t\t\t\t\t\t<em class=\"tf_box\"\n\t\t\t\t\t\t\t\t\t\t\t\t\t\t\t\t\t><svg  class=\"tf_fa tf-ti-arrow-right\" xmlns:xlink=\"http:\/\/www.w3.org\/1999\/xlink\" aria-hidden=\"true\"><use href=\"#tf-ti-arrow-right\" xlink:href=\"#tf-ti-arrow-right\"><\/use><\/svg><\/em>\n\t\t\t\t\t\t\t\t\t\t\t\t\t\t\t\t\t\t\t<span>Detayl\u0131 bilgi al<\/span>\n\t\t\t\t\t\t\t\t\t\t\t\t\t\t\t\t\t<\/a>\n\t\t\t\t\t<\/div>\n\t<\/div>\n<!-- \/module icon -->\n        <\/div>\n                    <div  data-lazy=\"1\" class=\"module_column sub_column col4-1 tb_6f11524\">\n                    <!-- module image -->\n<div  class=\"module module-image tb_g60h526 image-center rounded  tf_mw\" data-lazy=\"1\">\n        <div class=\"image-wrap tf_rel tf_mw\">\n            <img loading=\"lazy\" decoding=\"async\" src=\"http:\/\/stavnor.com\/wp-content\/uploads\/2026\/05\/pexels-olha-ruskykh-7504784-scaled.jpg\" width=\"360\" height=\"230\" title=\"Operasyonel Y\u00f6netim (Execution)\" alt=\"Operasyonel Y\u00f6netim (Execution)\">    \n        <\/div>\n    <!-- \/image-wrap -->\n    \n        <div class=\"image-content\">\n                    <h3 class=\"image-title\">\n                                    Operasyonel Y\u00f6netim (Execution)                            <\/h3>\n                    <\/div>\n    <!-- \/image-content -->\n        <\/div>\n<!-- \/module image --><!-- module icon -->\n<div  class=\"module module-icon tb_5exl342    icon_horizontal \" data-lazy=\"1\">\n\t\t\t<div class=\"module-icon-item\">\n\t\t\t\t\t\t\t<a href=\"http:\/\/stavnor.com\/index.php\/services\/\">\n\t\t\t\t\t\t\t\t\t\t\t\t\t\t\t\t\t<em class=\"tf_box\"\n\t\t\t\t\t\t\t\t\t\t\t\t\t\t\t\t\t><svg  class=\"tf_fa tf-ti-arrow-right\" xmlns:xlink=\"http:\/\/www.w3.org\/1999\/xlink\" aria-hidden=\"true\"><use href=\"#tf-ti-arrow-right\" xlink:href=\"#tf-ti-arrow-right\"><\/use><\/svg><\/em>\n\t\t\t\t\t\t\t\t\t\t\t\t\t\t\t\t\t\t\t<span>Detayl\u0131 bilgi al<\/span>\n\t\t\t\t\t\t\t\t\t\t\t\t\t\t\t\t\t<\/a>\n\t\t\t\t\t<\/div>\n\t<\/div>\n<!-- \/module icon -->\n        <\/div>\n                    <div  data-lazy=\"1\" class=\"module_column sub_column col4-1 tb_pohc217\">\n                    <!-- module image -->\n<div  class=\"module module-image tb_3a88217 image-center rounded  tf_mw\" data-lazy=\"1\">\n        <div class=\"image-wrap tf_rel tf_mw\">\n            <img loading=\"lazy\" decoding=\"async\" src=\"http:\/\/stavnor.com\/wp-content\/uploads\/2026\/05\/pexels-michael-orshan-2159363670-36003969-scaled.jpg\" width=\"360\" height=\"230\" title=\"Kalite ve \u0130zlenebilirlik (Quality &amp; Traceability)\" alt=\"Kalite ve \u0130zlenebilirlik (Quality &amp; Traceability)\">    \n        <\/div>\n    <!-- \/image-wrap -->\n    \n        <div class=\"image-content\">\n                    <h3 class=\"image-title\">\n                                    Kalite ve \u0130zlenebilirlik (Quality & Traceability)                            <\/h3>\n                    <\/div>\n    <!-- \/image-content -->\n        <\/div>\n<!-- \/module image --><!-- module icon -->\n<div  class=\"module module-icon tb_do25658    icon_horizontal \" data-lazy=\"1\">\n\t\t\t<div class=\"module-icon-item\">\n\t\t\t\t\t\t\t<a href=\"http:\/\/stavnor.com\/index.php\/services\/\">\n\t\t\t\t\t\t\t\t\t\t\t\t\t\t\t\t\t<em class=\"tf_box\"\n\t\t\t\t\t\t\t\t\t\t\t\t\t\t\t\t\t><svg  class=\"tf_fa tf-ti-arrow-right\" xmlns:xlink=\"http:\/\/www.w3.org\/1999\/xlink\" aria-hidden=\"true\"><use href=\"#tf-ti-arrow-right\" xlink:href=\"#tf-ti-arrow-right\"><\/use><\/svg><\/em>\n\t\t\t\t\t\t\t\t\t\t\t\t\t\t\t\t\t\t\t<span>Detayl\u0131 bilgi al<\/span>\n\t\t\t\t\t\t\t\t\t\t\t\t\t\t\t\t\t<\/a>\n\t\t\t\t\t<\/div>\n\t<\/div>\n<!-- \/module icon -->\n        <\/div>\n                    <div  data-lazy=\"1\" class=\"module_column sub_column col4-1 tb_fwp4104 last\">\n                    <!-- module image -->\n<div  class=\"module module-image tb_2zfp861 image-center rounded  tf_mw\" data-lazy=\"1\">\n        <div class=\"image-wrap tf_rel tf_mw\">\n            <img loading=\"lazy\" decoding=\"async\" src=\"http:\/\/stavnor.com\/wp-content\/uploads\/2026\/05\/pexels-kevin-ku-92347-577585-scaled.jpg\" width=\"360\" height=\"230\" title=\"Analitik ve Entegrasyon (Intelligence)\" alt=\"Analitik ve Entegrasyon (Intelligence)\">    \n        <\/div>\n    <!-- \/image-wrap -->\n    \n        <div class=\"image-content\">\n                    <h3 class=\"image-title\">\n                                    Analitik ve Entegrasyon (Intelligence)                            <\/h3>\n                    <\/div>\n    <!-- \/image-content -->\n        <\/div>\n<!-- \/module image --><!-- module icon -->\n<div  class=\"module module-icon tb_2n8m95    icon_horizontal \" data-lazy=\"1\">\n\t\t\t<div class=\"module-icon-item\">\n\t\t\t\t\t\t\t<a href=\"http:\/\/stavnor.com\/index.php\/services\/\">\n\t\t\t\t\t\t\t\t\t\t\t\t\t\t\t\t\t<em class=\"tf_box\"\n\t\t\t\t\t\t\t\t\t\t\t\t\t\t\t\t\t><svg  class=\"tf_fa tf-ti-arrow-right\" xmlns:xlink=\"http:\/\/www.w3.org\/1999\/xlink\" aria-hidden=\"true\"><use href=\"#tf-ti-arrow-right\" xlink:href=\"#tf-ti-arrow-right\"><\/use><\/svg><\/em>\n\t\t\t\t\t\t\t\t\t\t\t\t\t\t\t\t\t\t\t<span>Detayl\u0131 bilgi al<\/span>\n\t\t\t\t\t\t\t\t\t\t\t\t\t\t\t\t\t<\/a>\n\t\t\t\t\t<\/div>\n\t<\/div>\n<!-- \/module icon -->\n        <\/div>\n                    <\/div>\n                <\/div>\n                        <\/div>\n        <\/div>\n                        <div  data-lazy=\"1\" class=\"module_row themify_builder_row tb_lzn8546 tf_w\">\n                        <div class=\"row_inner col_align_top tb_col_count_1 tf_box tf_rel\">\n                        <div  data-lazy=\"1\" class=\"module_column tb-column col-full tb_wfbv548 first\">\n                            <\/div>\n                        <\/div>\n        <\/div>\n                        <div  data-lazy=\"1\" class=\"module_row themify_builder_row tb_zqr7313 tf_w\">\n                        <div class=\"row_inner col_align_top tb_col_count_1 tf_box tf_rel\">\n                        <div  data-lazy=\"1\" class=\"module_column tb-column col-full tb_977m315 first\">\n                    <!-- module text -->\n<div  class=\"module module-text tb_v0dh442   \" data-lazy=\"1\">\n        <div  class=\"tb_text_wrap\">\n        <h2>Stavnor Tan\u0131t\u0131m Dok\u00fcman\u0131<\/h2>    <\/div>\n<\/div>\n<!-- \/module text --><!-- module buttons -->\n<div  class=\"module module-buttons tb_l95y100 buttons-horizontal solid  \" data-lazy=\"1\">\n        <div class=\"module-buttons-item tf_in_flx\">\n                        <a href=\"http:\/\/stavnor.com\/wp-content\/uploads\/2026\/05\/STAVNOR-Tanitim.pdf\" class=\"ui builder_button tf_in_flx black\" >\n                                                Dosyaya eri\u015fmek i\u00e7in                                        <em><svg  class=\"tf_fa tf-ti-arrow-right\" xmlns:xlink=\"http:\/\/www.w3.org\/1999\/xlink\" aria-hidden=\"true\"><use href=\"#tf-ti-arrow-right\" xlink:href=\"#tf-ti-arrow-right\"><\/use><\/svg><\/em>                            <\/a>\n                <\/div>\n            <\/div>\n<!-- \/module buttons -->\n        <\/div>\n                        <\/div>\n        <\/div>\n                        <div  data-lazy=\"1\" class=\"module_row themify_builder_row tb_erl6747 tf_w\">\n                        <div class=\"row_inner col_align_middle tb_col_count_2 tf_box tf_rel\">\n                        <div  data-lazy=\"1\" class=\"module_column tb-column col4-2 tb_929s749 first\">\n                    <!-- module image -->\n<div  class=\"module module-image tb_3kp2597 image-center   tf_mw\" data-lazy=\"1\" data-lax-translate-y=\"(vh*1) 0,(vh*0) -70\" data-lax=\"true\">\n        <div class=\"image-wrap tf_rel tf_mw\">\n            <img loading=\"lazy\" decoding=\"async\" src=\"http:\/\/stavnor.com\/wp-content\/uploads\/2026\/05\/pexels-cmrcn-29224559-scaled.jpg\" width=\"600\" height=\"650\" title=\"Ana Sayfa\" alt=\"Ana Sayfa\">    \n        <\/div>\n    <!-- \/image-wrap -->\n    \n        <\/div>\n<!-- \/module image -->        <\/div>\n                    <div  data-lazy=\"1\" class=\"module_column tb-column col4-2 tb_jtp4247 last\">\n                    <!-- module text -->\n<div  class=\"module module-text tb_3kuy928   \" data-lazy=\"1\">\n        <div  class=\"tb_text_wrap\">\n        <h2>Her fabrika farkl\u0131d\u0131r<\/h2>\n<p>Haz\u0131r \u00e7\u00f6z\u00fcm satm\u0131yoruz. Sizin \u00fcretiminize, sizin i\u015f s\u00fcrecinize \u00f6zel sistem kuruyoruz.<\/p>    <\/div>\n<\/div>\n<!-- \/module text -->        <\/div>\n                        <\/div>\n        <\/div>\n                        <div  data-lazy=\"1\" class=\"module_row themify_builder_row tb_uivo681 tf_w\">\n                        <div class=\"row_inner col_align_top tb_col_count_3 tf_box tf_rel\">\n                        <div  data-lazy=\"1\" class=\"module_column tb-column col3-1 tb_gqfa683 first\">\n        <span  class=\"builder_row_cover tf_abs\" data-lazy=\"1\"><\/span>            <!-- module image -->\n<div  class=\"module module-image tb_kazg257 image-center rounded  tf_mw\" data-lazy=\"1\">\n        <div class=\"image-wrap tf_rel tf_mw\">\n            <img loading=\"lazy\" decoding=\"async\" src=\"http:\/\/stavnor.com\/wp-content\/uploads\/2026\/05\/pexels-ivan-s-7213208-scaled.jpg\" width=\"450\" height=\"450\" title=\"Ana Sayfa\" alt=\"Ana Sayfa\">    \n        <\/div>\n    <!-- \/image-wrap -->\n    \n        <\/div>\n<!-- \/module image --><!-- module text -->\n<div  class=\"module module-text tb_rehf61   \" data-lazy=\"1\">\n        <div  class=\"tb_text_wrap\">\n        <h4>Proje G\u00f6r\u00fc\u015fmesi<\/h4>    <\/div>\n<\/div>\n<!-- \/module text -->        <\/div>\n                    <div  data-lazy=\"1\" class=\"module_column tb-column col3-1 tb_xyff221\">\n        <span  class=\"builder_row_cover tf_abs\" data-lazy=\"1\"><\/span>            <!-- module image -->\n<div  class=\"module module-image tb_bpg8222 image-center rounded  tf_mw\" data-lazy=\"1\">\n        <div class=\"image-wrap tf_rel tf_mw\">\n            <img loading=\"lazy\" decoding=\"async\" src=\"http:\/\/stavnor.com\/wp-content\/uploads\/2026\/05\/pexels-bulat843-1243575272-35072831-1-scaled.jpg\" width=\"450\" height=\"450\" title=\"Ana Sayfa\" alt=\"Ana Sayfa\">    \n        <\/div>\n    <!-- \/image-wrap -->\n    \n        <\/div>\n<!-- \/module image --><!-- module text -->\n<div  class=\"module module-text tb_a4u2725   \" data-lazy=\"1\">\n        <div  class=\"tb_text_wrap\">\n        <h4>MES Kurulumu<\/h4>    <\/div>\n<\/div>\n<!-- \/module text -->        <\/div>\n                    <div  data-lazy=\"1\" class=\"module_column tb-column col3-1 tb_6p36917 last\">\n        <span  class=\"builder_row_cover tf_abs\" data-lazy=\"1\"><\/span>            <!-- module image -->\n<div  class=\"module module-image tb_9lm9917 image-center rounded  tf_mw\" data-lazy=\"1\">\n        <div class=\"image-wrap tf_rel tf_mw\">\n            <img loading=\"lazy\" decoding=\"async\" src=\"http:\/\/stavnor.com\/wp-content\/uploads\/2026\/05\/pexels-negativespace-110078-scaled.jpg\" width=\"450\" height=\"450\" title=\"Ana Sayfa\" alt=\"Ana Sayfa\">    \n        <\/div>\n    <!-- \/image-wrap -->\n    \n        <\/div>\n<!-- \/module image --><!-- module text -->\n<div  class=\"module module-text tb_fd6k404   \" data-lazy=\"1\">\n        <div  class=\"tb_text_wrap\">\n        <h4>Devreye Alma &amp; Teslimat<\/h4>    <\/div>\n<\/div>\n<!-- \/module text -->        <\/div>\n                        <\/div>\n        <\/div>\n        <\/div>\n<!--\/themify_builder_content-->","protected":false},"excerpt":{"rendered":"<p>\u00dcretim Y\u00f6netim Sistemleri<\/p>\n","protected":false},"author":1,"featured_media":0,"parent":0,"menu_order":0,"comment_status":"closed","ping_status":"closed","template":"","meta":{"footnotes":""},"class_list":["post-45","page","type-page","status-publish","hentry","has-post-title","has-post-date","has-post-category","has-post-tag","has-post-comment","has-post-author",""],"builder_content":"<h1>\u00dcretim Y\u00f6netim Sistemleri<\/h1>\n<a href=\"http:\/\/stavnor.com\/index.php\/services\/\" > H\u0130ZMETLER\u0130M\u0130ZE G\u00d6Z ATIN <em><svg xmlns:xlink=\"http:\/\/www.w3.org\/1999\/xlink\" aria-hidden=\"true\"><use href=\"#tf-ti-arrow-right\" xlink:href=\"#tf-ti-arrow-right\"><\/use><\/svg><\/em> <\/a>\n<img src=\"http:\/\/stavnor.com\/wp-content\/uploads\/2026\/05\/pexels-gustavo-fring-4872010-scaled.jpg\" width=\"640\" height=\"390\" title=\"Ana Sayfa\" alt=\"Ana Sayfa\">\n<h3>\u00dcretim Verilerinizi Dijitalle\u015ftiriyoruz<\/h3> <p>Makine ba\u015f\u0131ndan toplanan her sinyal, her duru\u015f, her \u00e7evrim s\u00fcresi \u2014 anl\u0131k olarak i\u015fleniyor, yorumlan\u0131yor ve size anlaml\u0131 kararlar sunuyor. Saha verisi art\u0131k raporlarda kaybolmuyor, do\u011fru anda do\u011fru ki\u015fiye ula\u015f\u0131yor.<\/p>\n<h3>Fabrikalar\u0131n\u0131z\u0131n dilini konu\u015fuyoruz.<\/h3> <p>Makinelerinizden gelen her sinyal, her uyar\u0131, her veri bizim i\u00e7in bir anlam ta\u015f\u0131yor.<\/p>\n<img src=\"http:\/\/stavnor.com\/wp-content\/uploads\/2026\/05\/pexels-alex-dominguez-26651677-7018177-scaled.jpg\" width=\"640\" height=\"390\" title=\"Ana Sayfa\" alt=\"Ana Sayfa\">\n<h2>Hizmetler<\/h2>\n<img src=\"http:\/\/stavnor.com\/wp-content\/uploads\/2026\/05\/pexels-brett-sayles-2881233-scaled.jpg\" width=\"360\" height=\"230\" title=\" Veri Toplama ve Haberle\u015fme (Connectivity)\" alt=\" Veri Toplama ve Haberle\u015fme (Connectivity)\"> <h3> Veri Toplama ve Haberle\u015fme (Connectivity) <\/h3>\n<a href=\"http:\/\/stavnor.com\/index.php\/services\/\"> <em ><svg xmlns:xlink=\"http:\/\/www.w3.org\/1999\/xlink\" aria-hidden=\"true\"><use href=\"#tf-ti-arrow-right\" xlink:href=\"#tf-ti-arrow-right\"><\/use><\/svg><\/em> Detayl\u0131 bilgi al <\/a>\n<img src=\"http:\/\/stavnor.com\/wp-content\/uploads\/2026\/05\/pexels-olha-ruskykh-7504784-scaled.jpg\" width=\"360\" height=\"230\" title=\"Operasyonel Y\u00f6netim (Execution)\" alt=\"Operasyonel Y\u00f6netim (Execution)\"> <h3> Operasyonel Y\u00f6netim (Execution) <\/h3>\n<a href=\"http:\/\/stavnor.com\/index.php\/services\/\"> <em ><svg xmlns:xlink=\"http:\/\/www.w3.org\/1999\/xlink\" aria-hidden=\"true\"><use href=\"#tf-ti-arrow-right\" xlink:href=\"#tf-ti-arrow-right\"><\/use><\/svg><\/em> Detayl\u0131 bilgi al <\/a>\n<img src=\"http:\/\/stavnor.com\/wp-content\/uploads\/2026\/05\/pexels-michael-orshan-2159363670-36003969-scaled.jpg\" width=\"360\" height=\"230\" title=\"Kalite ve \u0130zlenebilirlik (Quality &amp; Traceability)\" alt=\"Kalite ve \u0130zlenebilirlik (Quality &amp; Traceability)\"> <h3> Kalite ve \u0130zlenebilirlik (Quality & Traceability) <\/h3>\n<a href=\"http:\/\/stavnor.com\/index.php\/services\/\"> <em ><svg xmlns:xlink=\"http:\/\/www.w3.org\/1999\/xlink\" aria-hidden=\"true\"><use href=\"#tf-ti-arrow-right\" xlink:href=\"#tf-ti-arrow-right\"><\/use><\/svg><\/em> Detayl\u0131 bilgi al <\/a>\n<img src=\"http:\/\/stavnor.com\/wp-content\/uploads\/2026\/05\/pexels-kevin-ku-92347-577585-scaled.jpg\" width=\"360\" height=\"230\" title=\"Analitik ve Entegrasyon (Intelligence)\" alt=\"Analitik ve Entegrasyon (Intelligence)\"> <h3> Analitik ve Entegrasyon (Intelligence) <\/h3>\n<a href=\"http:\/\/stavnor.com\/index.php\/services\/\"> <em ><svg xmlns:xlink=\"http:\/\/www.w3.org\/1999\/xlink\" aria-hidden=\"true\"><use href=\"#tf-ti-arrow-right\" xlink:href=\"#tf-ti-arrow-right\"><\/use><\/svg><\/em> Detayl\u0131 bilgi al <\/a>\n<h2>Stavnor Tan\u0131t\u0131m Dok\u00fcman\u0131<\/h2>\n<a href=\"http:\/\/stavnor.com\/wp-content\/uploads\/2026\/05\/STAVNOR-Tanitim.pdf\" > Dosyaya eri\u015fmek i\u00e7in <em><svg xmlns:xlink=\"http:\/\/www.w3.org\/1999\/xlink\" aria-hidden=\"true\"><use href=\"#tf-ti-arrow-right\" xlink:href=\"#tf-ti-arrow-right\"><\/use><\/svg><\/em> <\/a>\n<img src=\"http:\/\/stavnor.com\/wp-content\/uploads\/2026\/05\/pexels-cmrcn-29224559-scaled.jpg\" width=\"600\" height=\"650\" title=\"Ana Sayfa\" alt=\"Ana Sayfa\">\n<h2>Her fabrika farkl\u0131d\u0131r<\/h2> <p>Haz\u0131r \u00e7\u00f6z\u00fcm satm\u0131yoruz. Sizin \u00fcretiminize, sizin i\u015f s\u00fcrecinize \u00f6zel sistem kuruyoruz.<\/p>\n<img src=\"http:\/\/stavnor.com\/wp-content\/uploads\/2026\/05\/pexels-ivan-s-7213208-scaled.jpg\" width=\"450\" height=\"450\" title=\"Ana Sayfa\" alt=\"Ana Sayfa\">\n<h4>Proje G\u00f6r\u00fc\u015fmesi<\/h4>\n<img src=\"http:\/\/stavnor.com\/wp-content\/uploads\/2026\/05\/pexels-bulat843-1243575272-35072831-1-scaled.jpg\" width=\"450\" height=\"450\" title=\"Ana Sayfa\" alt=\"Ana Sayfa\">\n<h4>MES Kurulumu<\/h4>\n<img src=\"http:\/\/stavnor.com\/wp-content\/uploads\/2026\/05\/pexels-negativespace-110078-scaled.jpg\" width=\"450\" height=\"450\" title=\"Ana Sayfa\" alt=\"Ana Sayfa\">\n<h4>Devreye Alma &amp; Teslimat<\/h4>","_links":{"self":[{"href":"https:\/\/stavnor.com\/index.php\/wp-json\/wp\/v2\/pages\/45","targetHints":{"allow":["GET"]}}],"collection":[{"href":"https:\/\/stavnor.com\/index.php\/wp-json\/wp\/v2\/pages"}],"about":[{"href":"https:\/\/stavnor.com\/index.php\/wp-json\/wp\/v2\/types\/page"}],"author":[{"embeddable":true,"href":"https:\/\/stavnor.com\/index.php\/wp-json\/wp\/v2\/users\/1"}],"replies":[{"embeddable":true,"href":"https:\/\/stavnor.com\/index.php\/wp-json\/wp\/v2\/comments?post=45"}],"version-history":[{"count":196,"href":"https:\/\/stavnor.com\/index.php\/wp-json\/wp\/v2\/pages\/45\/revisions"}],"predecessor-version":[{"id":545,"href":"https:\/\/stavnor.com\/index.php\/wp-json\/wp\/v2\/pages\/45\/revisions\/545"}],"wp:attachment":[{"href":"https:\/\/stavnor.com\/index.php\/wp-json\/wp\/v2\/media?parent=45"}],"curies":[{"name":"wp","href":"https:\/\/api.w.org\/{rel}","templated":true}]}}